{"id":4350,"date":"2021-01-21T07:45:49","date_gmt":"2021-01-21T07:45:49","guid":{"rendered":"https:\/\/smgteknik.com\/?page_id=4350"},"modified":"2024-11-24T17:14:51","modified_gmt":"2024-11-24T17:14:51","slug":"silikon-evaporator-fan-rezistansi","status":"publish","type":"page","link":"https:\/\/smgteknik.com\/en\/silikon-evaporator-fan-rezistansi\/","title":{"rendered":"Evaporator Fan Case Heating Elements"},"content":{"rendered":"<p>[et_pb_section fb_built=&#8221;1&#8243; admin_label=&#8221;Our Works CTA Section&#8221; _builder_version=&#8221;4.16&#8243; background_color=&#8221;#1a1a1a&#8221; custom_padding=&#8221;0px|0px|0px|0px&#8221; global_colors_info=&#8221;{}&#8221;][et_pb_row column_structure=&#8221;1_2,1_2&#8243; use_custom_gutter=&#8221;on&#8221; gutter_width=&#8221;1&#8243; make_equal=&#8221;on&#8221; admin_label=&#8221;CTA Row&#8221; _builder_version=&#8221;4.16&#8243; width=&#8221;100%&#8221; max_width=&#8221;100%&#8221; custom_margin=&#8221;|||&#8221; custom_padding=&#8221;0px|0px|0px|0px&#8221; use_custom_width=&#8221;on&#8221; width_unit=&#8221;off&#8221; custom_width_percent=&#8221;100%&#8221; global_colors_info=&#8221;{}&#8221;][et_pb_column type=&#8221;1_2&#8243; _builder_version=&#8221;4.16&#8243; background_color=&#8221;#000000&#8243; custom_padding=&#8221;100px||100px||false|false&#8221; custom_padding_tablet=&#8221;|||60px&#8221; custom_padding_phone=&#8221;&#8221; custom_padding_last_edited=&#8221;on|desktop&#8221; global_colors_info=&#8221;{}&#8221; padding_tablet=&#8221;|||60px&#8221; padding_last_edited=&#8221;on|desktop&#8221; custom_padding__hover=&#8221;|||&#8221; padding_phone=&#8221;|||60px&#8221;][et_pb_text _builder_version=&#8221;4.16&#8243; _module_preset=&#8221;default&#8221; text_line_height=&#8221;1em&#8221; header_font=&#8221;|700|||||||&#8221; header_text_color=&#8221;#FFFFFF&#8221; header_font_size=&#8221;48px&#8221; header_line_height=&#8221;1.2em&#8221; header_2_font=&#8221;|600|||||||&#8221; header_2_text_color=&#8221;#FFFFFF&#8221; header_2_font_size=&#8221;29px&#8221; header_2_line_height=&#8221;1.3em&#8221; custom_margin=&#8221;30px|75px|30px|75px|false|false&#8221; custom_margin_tablet=&#8221;&#8221; custom_margin_phone=&#8221;0px|60px|0px|0px|false|false&#8221; custom_margin_last_edited=&#8221;on|phone&#8221; header_font_size_tablet=&#8221;40px&#8221; header_font_size_phone=&#8221;25px&#8221; header_font_size_last_edited=&#8221;on|desktop&#8221; header_2_font_size_tablet=&#8221;&#8221; header_2_font_size_phone=&#8221;17px&#8221; header_2_font_size_last_edited=&#8221;on|phone&#8221; global_colors_info=&#8221;{}&#8221;]<\/p>\n<h1 style=\"text-align: center;\">Evaporator Fan Case Heating Elements<\/h1>\n<p><span style=\"font-size: 14px;\">\u00a0<\/span><\/p>\n<p>&nbsp;<\/p>\n<h2 style=\"text-align: center;\">Evaporator Fan Case Heater<\/h2>\n<p>[\/et_pb_text][\/et_pb_column][et_pb_column type=&#8221;1_2&#8243; disabled_on=&#8221;on|on|off&#8221; _builder_version=&#8221;4.16&#8243; background_color=&#8221;#FFFFFF&#8221; custom_padding=&#8221;|||&#8221; global_colors_info=&#8221;{}&#8221; custom_padding__hover=&#8221;|||&#8221;][et_pb_image src=&#8221;https:\/\/smgteknik.com\/wp-content\/uploads\/2021\/02\/1540-x-860-evaporator-fan-isiticisi-4-jpg-tiny.jpg&#8221; alt=&#8221;Sedes Silikon Evaporat\u00f6r fan \u0131s\u0131t\u0131c\u0131s\u0131 silicon fancase heater&#8221; title_text=&#8221;Sedes Silikon Evaporat\u00f6r fan \u0131s\u0131t\u0131c\u0131s\u0131 silicon fancase heater&#8221; src_tablet=&#8221;&#8221; src_phone=&#8221;https:\/\/smgteknik.com\/wp-content\/uploads\/2021\/01\/gallery01.jpg&#8221; src_last_edited=&#8221;on|phone&#8221; _builder_version=&#8221;4.16&#8243; _module_preset=&#8221;default&#8221; width=&#8221;100%&#8221; max_width=&#8221;100%&#8221; height=&#8221;504px&#8221; border_radii=&#8221;off||||&#8221; border_color_bottom=&#8221;#ff0000&#8243; global_colors_info=&#8221;{}&#8221;][\/et_pb_image][\/et_pb_column][\/et_pb_row][\/et_pb_section][et_pb_section fb_built=&#8221;1&#8243; _builder_version=&#8221;4.16&#8243; _module_preset=&#8221;default&#8221; top_divider_style=&#8221;mountains2&#8243; top_divider_color=&#8221;#000000&#8243; top_divider_height=&#8221;75px&#8221; top_divider_style_tablet=&#8221;&#8221; top_divider_style_phone=&#8221;none&#8221; top_divider_style_last_edited=&#8221;on|phone&#8221; global_colors_info=&#8221;{}&#8221;][et_pb_row column_structure=&#8221;1_4,1_4,1_4,1_4&#8243; use_custom_gutter=&#8221;on&#8221; gutter_width=&#8221;2&#8243; custom_padding_last_edited=&#8221;on|phone&#8221; _builder_version=&#8221;4.16&#8243; _module_preset=&#8221;default&#8221; width=&#8221;90%&#8221; max_width=&#8221;1250px&#8221; custom_padding=&#8221;120px|||||&#8221; custom_padding_tablet=&#8221;&#8221; custom_padding_phone=&#8221;0px||||false|false&#8221; global_colors_info=&#8221;{}&#8221;][et_pb_column type=&#8221;1_4&#8243; _builder_version=&#8221;4.16&#8243; _module_preset=&#8221;default&#8221; global_colors_info=&#8221;{}&#8221;][et_pb_image src=&#8221;https:\/\/smgteknik.com\/wp-content\/uploads\/2021\/02\/evaporator-fan-isiticisi-3-jpg-1540-x-860-tiny.jpg&#8221; alt=&#8221;Sedes Silikon Evaporat\u00f6r fan \u0131s\u0131t\u0131c\u0131s\u0131 silicon fancase heater&#8221; title_text=&#8221;Sedes Silikon Evaporat\u00f6r fan \u0131s\u0131t\u0131c\u0131s\u0131 silicon fancase heater&#8221; show_in_lightbox=&#8221;on&#8221; _builder_version=&#8221;4.16&#8243; _module_preset=&#8221;default&#8221; border_radii=&#8221;off|||10px|10px&#8221; border_width_bottom=&#8221;4px&#8221; border_color_bottom=&#8221;#ff0000&#8243; box_shadow_style=&#8221;preset3&#8243; box_shadow_spread=&#8221;-10px&#8221; global_colors_info=&#8221;{}&#8221; transform_styles__hover_enabled=&#8221;on|hover&#8221; transform_scale__hover=&#8221;110%|110%&#8221; transform_scale__hover_enabled=&#8221;on|hover&#8221; transform_translate__hover_enabled=&#8221;on|desktop&#8221; transform_rotate__hover_enabled=&#8221;on|desktop&#8221; transform_skew__hover_enabled=&#8221;on|desktop&#8221; transform_origin__hover_enabled=&#8221;on|desktop&#8221;][\/et_pb_image][\/et_pb_column][et_pb_column type=&#8221;1_4&#8243; _builder_version=&#8221;4.16&#8243; _module_preset=&#8221;default&#8221; global_colors_info=&#8221;{}&#8221;][et_pb_image src=&#8221;https:\/\/smgteknik.com\/wp-content\/uploads\/2021\/02\/1540-x-860-evaporator-fan-isiticisi-4-jpg-tiny.jpg&#8221; alt=&#8221;Sedes Silikon Evaporat\u00f6r fan \u0131s\u0131t\u0131c\u0131s\u0131 silicon fancase heater&#8221; title_text=&#8221;Sedes Silikon Evaporat\u00f6r fan \u0131s\u0131t\u0131c\u0131s\u0131 silicon fancase heater&#8221; show_in_lightbox=&#8221;on&#8221; _builder_version=&#8221;4.16&#8243; _module_preset=&#8221;default&#8221; border_radii=&#8221;off|||10px|10px&#8221; border_width_bottom=&#8221;4px&#8221; border_color_bottom=&#8221;#ff0000&#8243; box_shadow_style=&#8221;preset3&#8243; box_shadow_spread=&#8221;-10px&#8221; global_colors_info=&#8221;{}&#8221; transform_styles__hover_enabled=&#8221;on|hover&#8221; transform_scale__hover_enabled=&#8221;on|hover&#8221; transform_translate__hover_enabled=&#8221;on|desktop&#8221; transform_rotate__hover_enabled=&#8221;on|desktop&#8221; transform_skew__hover_enabled=&#8221;on|desktop&#8221; transform_origin__hover_enabled=&#8221;on|desktop&#8221; transform_scale__hover=&#8221;110%|110%&#8221;][\/et_pb_image][\/et_pb_column][et_pb_column type=&#8221;1_4&#8243; _builder_version=&#8221;4.16&#8243; _module_preset=&#8221;default&#8221; global_colors_info=&#8221;{}&#8221;][et_pb_image src=&#8221;https:\/\/smgteknik.com\/wp-content\/uploads\/2021\/02\/860-x-1540-evaporator-fan-isiticisi-jpg-tiny.jpg&#8221; alt=&#8221;Sedes Silikon Evaporat\u00f6r fan \u0131s\u0131t\u0131c\u0131s\u0131 silicon fancase heater&#8221; title_text=&#8221;Sedes Silikon Evaporat\u00f6r fan \u0131s\u0131t\u0131c\u0131s\u0131 silicon fancase heater&#8221; show_in_lightbox=&#8221;on&#8221; _builder_version=&#8221;4.16&#8243; _module_preset=&#8221;default&#8221; border_radii=&#8221;off|||10px|10px&#8221; border_width_bottom=&#8221;4px&#8221; border_color_bottom=&#8221;#ff0000&#8243; box_shadow_style=&#8221;preset3&#8243; box_shadow_spread=&#8221;-10px&#8221; global_colors_info=&#8221;{}&#8221; transform_styles__hover_enabled=&#8221;on|hover&#8221; transform_scale__hover_enabled=&#8221;on|hover&#8221; transform_translate__hover_enabled=&#8221;on|desktop&#8221; transform_rotate__hover_enabled=&#8221;on|desktop&#8221; transform_skew__hover_enabled=&#8221;on|desktop&#8221; transform_origin__hover_enabled=&#8221;on|desktop&#8221; transform_scale__hover=&#8221;110%|110%&#8221;][\/et_pb_image][\/et_pb_column][et_pb_column type=&#8221;1_4&#8243; _builder_version=&#8221;4.16&#8243; _module_preset=&#8221;default&#8221; global_colors_info=&#8221;{}&#8221;][et_pb_image src=&#8221;https:\/\/smgteknik.com\/wp-content\/uploads\/2021\/02\/860-x-1540-evaporator-fan-isiticisi-jpg10-tiny-1-rotated.jpg&#8221; alt=&#8221;Sedes Silikon Evaporat\u00f6r fan \u0131s\u0131t\u0131c\u0131s\u0131 silicon fancase heater&#8221; title_text=&#8221;Sedes Silikon Evaporat\u00f6r fan \u0131s\u0131t\u0131c\u0131s\u0131 silicon fancase heater&#8221; show_in_lightbox=&#8221;on&#8221; _builder_version=&#8221;4.16&#8243; _module_preset=&#8221;default&#8221; border_radii=&#8221;off|||10px|10px&#8221; border_width_bottom=&#8221;4px&#8221; border_color_bottom=&#8221;#ff0000&#8243; box_shadow_style=&#8221;preset3&#8243; box_shadow_spread=&#8221;-10px&#8221; global_colors_info=&#8221;{}&#8221; transform_styles__hover_enabled=&#8221;on|hover&#8221; transform_scale__hover_enabled=&#8221;on|hover&#8221; transform_translate__hover_enabled=&#8221;on|desktop&#8221; transform_rotate__hover_enabled=&#8221;on|desktop&#8221; transform_skew__hover_enabled=&#8221;on|desktop&#8221; transform_origin__hover_enabled=&#8221;on|desktop&#8221; transform_scale__hover=&#8221;110%|110%&#8221;][\/et_pb_image][\/et_pb_column][\/et_pb_row][et_pb_row _builder_version=&#8221;4.16&#8243; _module_preset=&#8221;default&#8221; global_colors_info=&#8221;{}&#8221;][et_pb_column type=&#8221;4_4&#8243; _builder_version=&#8221;4.16&#8243; _module_preset=&#8221;default&#8221; global_colors_info=&#8221;{}&#8221;][et_pb_text _builder_version=&#8221;4.16&#8243; _module_preset=&#8221;default&#8221; header_2_font=&#8221;|600|||||||&#8221; header_2_font_size=&#8221;20px&#8221; global_colors_info=&#8221;{}&#8221;]<\/p>\n<h2>Silicon Evaporator Fan Case Heating Elements<\/h2>\n<p>[\/et_pb_text][et_pb_text _builder_version=&#8221;4.16&#8243; _module_preset=&#8221;default&#8221; global_colors_info=&#8221;{}&#8221;]<\/p>\n<p>Fans of evaporators are at rish of icing in cold weather conditions, in cold rooms and shock rooms. The icing that starts on the fancase progresses towards the propeller, preventing the propeller from working properly, negatively affecting the system. Therefore, it is necessary to remove the icing that begins to form around the fancase.<\/p>\n<p>Italian Sedes silicon fancase heating elements to be applied around the case evenly distributes the heat, preventing icing with low-power. It is very easy to apply aroun the fan by means of the hook on the product and the stainless steel springs supplied. It is more efficient and provides a more stylish appearance than traditional methods (wrapping cable heaters around the fan or applying round tubular heating elements). It prevents overheating thanks to the safety temperature control on the product.<\/p>\n<p class=\"translation-block\">You could reveiew the following documents or <a href=\"https:\/\/smgteknik.com\/en\/iletisim\/\" target=\"_self\">contant us<\/a> to learn more about our product.<\/p>\n<p>[\/et_pb_text][\/et_pb_column][\/et_pb_row][et_pb_row _builder_version=&#8221;4.16&#8243; _module_preset=&#8221;default&#8221; global_colors_info=&#8221;{}&#8221;][et_pb_column type=&#8221;4_4&#8243; _builder_version=&#8221;4.16&#8243; _module_preset=&#8221;default&#8221; global_colors_info=&#8221;{}&#8221;][et_pb_text _builder_version=&#8221;4.16&#8243; _module_preset=&#8221;default&#8221; header_2_font=&#8221;|600|||||||&#8221; header_2_font_size=&#8221;20px&#8221; global_colors_info=&#8221;{}&#8221;]<\/p>\n<h2>Documents<\/h2>\n<p>[\/et_pb_text][\/et_pb_column][\/et_pb_row][et_pb_row column_structure=&#8221;1_6,1_6,1_6,1_6,1_6,1_6&#8243; _builder_version=&#8221;4.16&#8243; _module_preset=&#8221;default&#8221; global_colors_info=&#8221;{}&#8221;][et_pb_column type=&#8221;1_6&#8243; _builder_version=&#8221;4.16&#8243; _module_preset=&#8221;default&#8221; global_colors_info=&#8221;{}&#8221;][et_pb_blurb url_new_window=&#8221;on&#8221; image=&#8221;https:\/\/smgteknik.com\/wp-content\/uploads\/2021\/02\/SEDES-brosur-SEDES-brochure.jpg&#8221; alt=&#8221;SEDES-bro\u015f\u00fcr-SEDES-brochure&#8221; _builder_version=&#8221;4.16&#8243; header_line_height=&#8221;1.2em&#8221; text_orientation=&#8221;center&#8221; module_alignment=&#8221;center&#8221; custom_margin=&#8221;0px|0px|0px|0px|false|false&#8221; custom_padding=&#8221;0px|0px|0px|0px|false|false&#8221; animation_style=&#8221;zoom&#8221; link_option_url=&#8221;https:\/\/smgteknik.com\/wp-content\/uploads\/2022\/03\/Sedes-brosur-Sedes-Brochure.pdf&#8221; link_option_url_new_window=&#8221;on&#8221; border_width_all_image=&#8221;2px&#8221; border_color_all_image=&#8221;#000000&#8243; box_shadow_style_image=&#8221;preset4&#8243; box_shadow_spread_image=&#8221;-3px&#8221; global_colors_info=&#8221;{}&#8221;]<\/p>\n<p><span style=\"color: #000080;\">SEDES Std. Product Catalog<\/span><\/p>\n<p>[\/et_pb_blurb][\/et_pb_column][et_pb_column type=&#8221;1_6&#8243; _builder_version=&#8221;4.16&#8243; _module_preset=&#8221;default&#8221; global_colors_info=&#8221;{}&#8221;][et_pb_blurb url_new_window=&#8221;on&#8221; image=&#8221;https:\/\/smgteknik.com\/wp-content\/uploads\/2021\/02\/Isitici-rezistans-guc-hesaplama-yontem-electric-heaters-power-calculation.jpg&#8221; alt=&#8221;Is\u0131t\u0131c\u0131-rezistans-g\u00fc\u00e7-hesaplama-y\u00f6ntem-electric-heaters-power-calculation&#8221; _builder_version=&#8221;4.16&#8243; header_line_height=&#8221;1.2em&#8221; text_orientation=&#8221;center&#8221; module_alignment=&#8221;center&#8221; custom_margin=&#8221;0px|0px|0px|0px|false|false&#8221; custom_padding=&#8221;0px|0px|0px|0px|false|false&#8221; animation_style=&#8221;zoom&#8221; link_option_url=&#8221;https:\/\/smgteknik.com\/wp-content\/uploads\/2020\/05\/Is\u0131t\u0131c\u0131-rezistans-g\u00fc\u00e7-hesaplama-y\u00f6ntem-electric-heaters-power-calculation.pdf&#8221; link_option_url_new_window=&#8221;on&#8221; border_width_all_image=&#8221;2px&#8221; border_color_all_image=&#8221;#000000&#8243; box_shadow_style_image=&#8221;preset4&#8243; box_shadow_spread_image=&#8221;-3px&#8221; global_colors_info=&#8221;{}&#8221;]<\/p>\n<p><span color=\"#000080\">Heating Elements Power Calculation Formulas<\/span><\/p>\n<p>[\/et_pb_blurb][\/et_pb_column][et_pb_column type=&#8221;1_6&#8243; _builder_version=&#8221;4.16&#8243; _module_preset=&#8221;default&#8221; global_colors_info=&#8221;{}&#8221;][\/et_pb_column][et_pb_column type=&#8221;1_6&#8243; _builder_version=&#8221;4.16&#8243; _module_preset=&#8221;default&#8221; global_colors_info=&#8221;{}&#8221;][\/et_pb_column][et_pb_column type=&#8221;1_6&#8243; _builder_version=&#8221;4.16&#8243; _module_preset=&#8221;default&#8221; global_colors_info=&#8221;{}&#8221;][\/et_pb_column][et_pb_column type=&#8221;1_6&#8243; _builder_version=&#8221;4.16&#8243; _module_preset=&#8221;default&#8221; global_colors_info=&#8221;{}&#8221;][\/et_pb_column][\/et_pb_row][\/et_pb_section]<\/p>","protected":false},"excerpt":{"rendered":"<p>Silikon Evaporat\u00f6r Fan Is\u0131t\u0131c\u0131 Rezistans \u00a0 &nbsp; Evaporator Fan Case HeaterSilikon Evaporat\u00f6r Fan Is\u0131t\u0131c\u0131 Rezistans\u0131Evaporat\u00f6rlerin fanlar\u0131 so\u011fuk hava ko\u015fullar\u0131nda, so\u011fuk oda ve \u015foklama odalar\u0131nda buzlanma riski ile kar\u015f\u0131 kar\u015f\u0131yad\u0131r. Fan sac\u0131nda ba\u015flayan buzlanma pervaneye do\u011fru ilerleyerek pervanenin d\u00fczg\u00fcn \u00e7al\u0131\u015fmas\u0131n\u0131 engelleyerek sistemi olumsuz etkilemektedir. Bu nedenle fan davlumbaz\u0131 \u00e7evresinde olu\u015fmaya ba\u015flayan buzlanman\u0131n giderilmesi gerekmektedir. Davlumbaz etraf\u0131na [&hellip;]<\/p>","protected":false},"author":1,"featured_media":0,"parent":0,"menu_order":0,"comment_status":"closed","ping_status":"closed","template":"","meta":{"_et_pb_use_builder":"on","_et_pb_old_content":"","_et_gb_content_width":"","footnotes":""},"class_list":["post-4350","page","type-page","status-publish","hentry"],"_links":{"self":[{"href":"https:\/\/smgteknik.com\/en\/wp-json\/wp\/v2\/pages\/4350","targetHints":{"allow":["GET"]}}],"collection":[{"href":"https:\/\/smgteknik.com\/en\/wp-json\/wp\/v2\/pages"}],"about":[{"href":"https:\/\/smgteknik.com\/en\/wp-json\/wp\/v2\/types\/page"}],"author":[{"embeddable":true,"href":"https:\/\/smgteknik.com\/en\/wp-json\/wp\/v2\/users\/1"}],"replies":[{"embeddable":true,"href":"https:\/\/smgteknik.com\/en\/wp-json\/wp\/v2\/comments?post=4350"}],"version-history":[{"count":26,"href":"https:\/\/smgteknik.com\/en\/wp-json\/wp\/v2\/pages\/4350\/revisions"}],"predecessor-version":[{"id":6194,"href":"https:\/\/smgteknik.com\/en\/wp-json\/wp\/v2\/pages\/4350\/revisions\/6194"}],"wp:attachment":[{"href":"https:\/\/smgteknik.com\/en\/wp-json\/wp\/v2\/media?parent=4350"}],"curies":[{"name":"wp","href":"https:\/\/api.w.org\/{rel}","templated":true}]}}