{"id":4584,"date":"2021-02-02T15:51:25","date_gmt":"2021-02-02T15:51:25","guid":{"rendered":"https:\/\/smgteknik.com\/?page_id=4584"},"modified":"2024-11-22T11:20:08","modified_gmt":"2024-11-22T11:20:08","slug":"ptc-buharlastirma-kabi","status":"publish","type":"page","link":"https:\/\/smgteknik.com\/en\/ptc-buharlastirma-kabi\/","title":{"rendered":"Drip Tray for PTC Cartridge Heaters"},"content":{"rendered":"<p>[et_pb_section fb_built=&#8221;1&#8243; admin_label=&#8221;Our Works CTA Section&#8221; _builder_version=&#8221;4.16&#8243; background_color=&#8221;#1a1a1a&#8221; custom_padding=&#8221;0px|0px|0px|0px&#8221; global_colors_info=&#8221;{}&#8221;][et_pb_row column_structure=&#8221;1_2,1_2&#8243; use_custom_gutter=&#8221;on&#8221; gutter_width=&#8221;1&#8243; make_equal=&#8221;on&#8221; admin_label=&#8221;CTA Row&#8221; _builder_version=&#8221;4.16&#8243; width=&#8221;100%&#8221; max_width=&#8221;100%&#8221; custom_margin=&#8221;|||&#8221; custom_padding=&#8221;0px|0px|0px|0px&#8221; use_custom_width=&#8221;on&#8221; width_unit=&#8221;off&#8221; custom_width_percent=&#8221;100%&#8221; global_colors_info=&#8221;{}&#8221;][et_pb_column type=&#8221;1_2&#8243; _builder_version=&#8221;4.16&#8243; background_color=&#8221;#000000&#8243; custom_padding=&#8221;100px||100px||false|false&#8221; custom_padding_tablet=&#8221;|||60px&#8221; custom_padding_phone=&#8221;&#8221; custom_padding_last_edited=&#8221;on|desktop&#8221; global_colors_info=&#8221;{}&#8221; padding_tablet=&#8221;|||60px&#8221; padding_last_edited=&#8221;on|desktop&#8221; custom_padding__hover=&#8221;|||&#8221; padding_phone=&#8221;|||60px&#8221;][et_pb_text _builder_version=&#8221;4.16&#8243; _module_preset=&#8221;default&#8221; text_line_height=&#8221;1em&#8221; header_font=&#8221;|700|||||||&#8221; header_text_color=&#8221;#FFFFFF&#8221; header_font_size=&#8221;48px&#8221; header_line_height=&#8221;1.2em&#8221; header_2_font=&#8221;|600|||||||&#8221; header_2_text_color=&#8221;#FFFFFF&#8221; header_2_font_size=&#8221;29px&#8221; header_2_line_height=&#8221;1.3em&#8221; custom_margin=&#8221;30px|75px|30px|75px|false|false&#8221; custom_margin_tablet=&#8221;&#8221; custom_margin_phone=&#8221;0px|60px|0px|0px|false|false&#8221; custom_margin_last_edited=&#8221;on|phone&#8221; header_font_size_tablet=&#8221;40px&#8221; header_font_size_phone=&#8221;25px&#8221; header_font_size_last_edited=&#8221;on|phone&#8221; header_2_font_size_tablet=&#8221;&#8221; header_2_font_size_phone=&#8221;17px&#8221; header_2_font_size_last_edited=&#8221;on|phone&#8221; global_colors_info=&#8221;{}&#8221;]<\/p>\n<h1 style=\"text-align: center;\">Evaporation Drip Tray for PTC Cartridge Heaters<\/h1>\n<p><span style=\"font-size: 14px;\">\u00a0<\/span><\/p>\n<p>&nbsp;<\/p>\n<h2 style=\"text-align: center;\">PTC &#8211; Evaporation Drip Tray<\/h2>\n<p>[\/et_pb_text][\/et_pb_column][et_pb_column type=&#8221;1_2&#8243; _builder_version=&#8221;4.16&#8243; background_color=&#8221;#FFFFFF&#8221; custom_padding=&#8221;|||&#8221; global_colors_info=&#8221;{}&#8221; custom_padding__hover=&#8221;|||&#8221;][et_pb_image src=&#8221;https:\/\/smgteknik.com\/wp-content\/uploads\/2021\/02\/1540-x-860-PTC-Buharlastirma-kabi-evaporation-box-jpg-tiny.jpg&#8221; alt=&#8221;Sedes_Italian_ptc_rezistans_buharla\u015ft\u0131rma_kab\u0131_evaporation_box&#8221; title_text=&#8221;Sedes_Italian_ptc_rezistans_buharla\u015ft\u0131rma_kab\u0131_evaporation_box&#8221; disabled_on=&#8221;on|off|off&#8221; _builder_version=&#8221;4.16&#8243; _module_preset=&#8221;default&#8221; width=&#8221;100%&#8221; min_height=&#8221;504px&#8221; global_colors_info=&#8221;{}&#8221;][\/et_pb_image][\/et_pb_column][\/et_pb_row][\/et_pb_section][et_pb_section fb_built=&#8221;1&#8243; _builder_version=&#8221;4.16&#8243; _module_preset=&#8221;default&#8221; top_divider_style=&#8221;mountains2&#8243; top_divider_color=&#8221;#000000&#8243; top_divider_height=&#8221;75px&#8221; top_divider_style_tablet=&#8221;&#8221; top_divider_style_phone=&#8221;none&#8221; top_divider_style_last_edited=&#8221;on|phone&#8221; global_colors_info=&#8221;{}&#8221;][et_pb_row column_structure=&#8221;1_4,1_4,1_4,1_4&#8243; use_custom_gutter=&#8221;on&#8221; gutter_width=&#8221;2&#8243; custom_padding_last_edited=&#8221;on|phone&#8221; _builder_version=&#8221;4.16&#8243; _module_preset=&#8221;default&#8221; width=&#8221;90%&#8221; max_width=&#8221;1250px&#8221; custom_padding=&#8221;120px|||||&#8221; custom_padding_tablet=&#8221;&#8221; custom_padding_phone=&#8221;0px||||false|false&#8221; global_colors_info=&#8221;{}&#8221;][et_pb_column type=&#8221;1_4&#8243; _builder_version=&#8221;4.16&#8243; _module_preset=&#8221;default&#8221; global_colors_info=&#8221;{}&#8221;][et_pb_image src=&#8221;https:\/\/smgteknik.com\/wp-content\/uploads\/2021\/02\/1540-x-860-PTC-Buharlastirma-kabi-evaporation-box-jpg-tiny.jpg&#8221; alt=&#8221;Sedes_Italian_ptc_rezistans_buharla\u015ft\u0131rma_kab\u0131_evaporation_box&#8221; title_text=&#8221;Sedes_Italian_ptc_rezistans_buharla\u015ft\u0131rma_kab\u0131_evaporation_box&#8221; show_in_lightbox=&#8221;on&#8221; _builder_version=&#8221;4.16&#8243; _module_preset=&#8221;default&#8221; border_radii=&#8221;off|||10px|10px&#8221; border_width_bottom=&#8221;4px&#8221; border_color_bottom=&#8221;#ff0000&#8243; box_shadow_style=&#8221;preset3&#8243; box_shadow_spread=&#8221;-10px&#8221; global_colors_info=&#8221;{}&#8221; transform_styles__hover_enabled=&#8221;on|hover&#8221; transform_scale__hover=&#8221;110%|110%&#8221; transform_scale__hover_enabled=&#8221;on|hover&#8221; transform_translate__hover_enabled=&#8221;on|desktop&#8221; transform_rotate__hover_enabled=&#8221;on|desktop&#8221; transform_skew__hover_enabled=&#8221;on|desktop&#8221; transform_origin__hover_enabled=&#8221;on|desktop&#8221;][\/et_pb_image][\/et_pb_column][et_pb_column type=&#8221;1_4&#8243; _builder_version=&#8221;4.16&#8243; _module_preset=&#8221;default&#8221; global_colors_info=&#8221;{}&#8221;][et_pb_image src=&#8221;https:\/\/smgteknik.com\/wp-content\/uploads\/2021\/02\/1540-x-860-PTC-Buharlastirma-kabi-evaporation-box-2-jpg-tiny.jpg&#8221; alt=&#8221;Sedes_Italian_ptc_rezistans_buharla\u015ft\u0131rma_kab\u0131_evaporation_box&#8221; title_text=&#8221;Sedes_Italian_ptc_rezistans_buharla\u015ft\u0131rma_kab\u0131_evaporation_box&#8221; show_in_lightbox=&#8221;on&#8221; _builder_version=&#8221;4.16&#8243; _module_preset=&#8221;default&#8221; border_radii=&#8221;off|||10px|10px&#8221; border_width_bottom=&#8221;4px&#8221; border_color_bottom=&#8221;#ff0000&#8243; box_shadow_style=&#8221;preset3&#8243; box_shadow_spread=&#8221;-10px&#8221; global_colors_info=&#8221;{}&#8221; transform_styles__hover_enabled=&#8221;on|hover&#8221; transform_scale__hover_enabled=&#8221;on|hover&#8221; transform_translate__hover_enabled=&#8221;on|desktop&#8221; transform_rotate__hover_enabled=&#8221;on|desktop&#8221; transform_skew__hover_enabled=&#8221;on|desktop&#8221; transform_origin__hover_enabled=&#8221;on|desktop&#8221; transform_scale__hover=&#8221;110%|110%&#8221;][\/et_pb_image][\/et_pb_column][et_pb_column type=&#8221;1_4&#8243; _builder_version=&#8221;4.16&#8243; _module_preset=&#8221;default&#8221; global_colors_info=&#8221;{}&#8221;][et_pb_image src=&#8221;https:\/\/smgteknik.com\/wp-content\/uploads\/2021\/02\/1540-x-860-PTC-Buharlastirma-kabi-evaporation-box-jpg-3-tiny.jpg&#8221; alt=&#8221;Sedes_Italian_ptc_rezistans_buharla\u015ft\u0131rma_kab\u0131_evaporation_box&#8221; title_text=&#8221;Sedes_Italian_ptc_rezistans_buharla\u015ft\u0131rma_kab\u0131_evaporation_box&#8221; show_in_lightbox=&#8221;on&#8221; _builder_version=&#8221;4.16&#8243; _module_preset=&#8221;default&#8221; border_radii=&#8221;off|||10px|10px&#8221; border_width_bottom=&#8221;4px&#8221; border_color_bottom=&#8221;#ff0000&#8243; box_shadow_style=&#8221;preset3&#8243; box_shadow_spread=&#8221;-10px&#8221; global_colors_info=&#8221;{}&#8221; transform_styles__hover_enabled=&#8221;on|hover&#8221; transform_scale__hover_enabled=&#8221;on|hover&#8221; transform_translate__hover_enabled=&#8221;on|desktop&#8221; transform_rotate__hover_enabled=&#8221;on|desktop&#8221; transform_skew__hover_enabled=&#8221;on|desktop&#8221; transform_origin__hover_enabled=&#8221;on|desktop&#8221; transform_scale__hover=&#8221;110%|110%&#8221;][\/et_pb_image][\/et_pb_column][et_pb_column type=&#8221;1_4&#8243; _builder_version=&#8221;4.16&#8243; _module_preset=&#8221;default&#8221; global_colors_info=&#8221;{}&#8221;][et_pb_image src=&#8221;https:\/\/smgteknik.com\/wp-content\/uploads\/2021\/01\/Buharlastirma-Kabi-jpg-tiny.jpg&#8221; alt=&#8221;Sedes_Italian_ptc_rezistans_buharla\u015ft\u0131rma_kab\u0131_evaporation_box&#8221; title_text=&#8221;Sedes_Italian_ptc_rezistans_buharla\u015ft\u0131rma_kab\u0131_evaporation_box&#8221; show_in_lightbox=&#8221;on&#8221; _builder_version=&#8221;4.16&#8243; _module_preset=&#8221;default&#8221; border_radii=&#8221;off|||10px|10px&#8221; border_width_bottom=&#8221;4px&#8221; border_color_bottom=&#8221;#ff0000&#8243; box_shadow_style=&#8221;preset3&#8243; box_shadow_spread=&#8221;-10px&#8221; global_colors_info=&#8221;{}&#8221; transform_styles__hover_enabled=&#8221;on|hover&#8221; transform_scale__hover_enabled=&#8221;on|hover&#8221; transform_translate__hover_enabled=&#8221;on|desktop&#8221; transform_rotate__hover_enabled=&#8221;on|desktop&#8221; transform_skew__hover_enabled=&#8221;on|desktop&#8221; transform_origin__hover_enabled=&#8221;on|desktop&#8221; transform_scale__hover=&#8221;110%|110%&#8221;][\/et_pb_image][\/et_pb_column][\/et_pb_row][et_pb_row _builder_version=&#8221;4.16&#8243; _module_preset=&#8221;default&#8221; global_colors_info=&#8221;{}&#8221;][et_pb_column type=&#8221;4_4&#8243; _builder_version=&#8221;4.16&#8243; _module_preset=&#8221;default&#8221; global_colors_info=&#8221;{}&#8221;][et_pb_text _builder_version=&#8221;4.16&#8243; _module_preset=&#8221;default&#8221; header_2_font=&#8221;|600|||||||&#8221; header_2_font_size=&#8221;20px&#8221; global_colors_info=&#8221;{}&#8221;]<\/p>\n<h2>Evaporation Drip Tray for PTC Cartridge Heaters<\/h2>\n<p>[\/et_pb_text][et_pb_text _builder_version=&#8221;4.16&#8243; _module_preset=&#8221;default&#8221; global_colors_info=&#8221;{}&#8221;]<\/p>\n<p><span>Predominantly in industrial coolers and bottle coolers, when water formed during the defrost cycle cannot be drained, it must be collected in a drip tray and disposed of through evaporation. You can use one of our evaporation drip tray options, designed to suit the dimensions of your product, to collect this water.\u00a0<\/span><\/p>\n<p>SMG Teknik offers a variety of options made from aluminum, stainless steel, and ABS plastic materials. The standard product dimensions can be found on page 35 of the Sedes standard product catalog attached below.\u00a0<span><\/span><\/p>\n<p class=\"translation-block\">You could reveiew the following documents or <a href=\"https:\/\/smgteknik.com\/en\/iletisim\/\" target=\"_self\">contact us<\/a> to learn more about our product.<\/p>\n<p><span><\/span><\/p>\n<p><span>The water collected in the evaporator drip tray can be evaporated using the Italian-made Sedes PTC cartridge heating elements . The PTC cartridge heating element is self-regulating, eliminating the need for additional systems such as sensors, floats, or switches to measure the liquid level in the drip tray. Its ease of installation and lack of additional system requirements provide a cost advantage.<\/span><\/p>\n<p class=\"translation-block\">PTC cartridge heating element reaches maximum power at low temperatures and automatically reduces its power as the temperature increases, ensuring energy efficiency. Thanks to its self-regulating system, there is no need for external temperature control. For more detailed information about these products, please refer to the <a href=\"https:\/\/smgteknik.com\/en\/ptc_buharlastirma-kabi-rezistansi\/\" target=\"_self\">PTC cartridge heating elements<\/a> page.\u00a0<\/span><\/p>\n<p>[\/et_pb_text][\/et_pb_column][\/et_pb_row][et_pb_row _builder_version=&#8221;4.16&#8243; _module_preset=&#8221;default&#8221; global_colors_info=&#8221;{}&#8221;][et_pb_column type=&#8221;4_4&#8243; _builder_version=&#8221;4.16&#8243; _module_preset=&#8221;default&#8221; global_colors_info=&#8221;{}&#8221;][et_pb_text _builder_version=&#8221;4.16&#8243; _module_preset=&#8221;default&#8221; header_2_font=&#8221;|600|||||||&#8221; header_2_font_size=&#8221;20px&#8221; global_colors_info=&#8221;{}&#8221;]<\/p>\n<h2>Documents<\/h2>\n<p>[\/et_pb_text][\/et_pb_column][\/et_pb_row][et_pb_row column_structure=&#8221;1_6,1_6,1_6,1_6,1_6,1_6&#8243; _builder_version=&#8221;4.16&#8243; _module_preset=&#8221;default&#8221; global_colors_info=&#8221;{}&#8221;][et_pb_column type=&#8221;1_6&#8243; _builder_version=&#8221;4.16&#8243; _module_preset=&#8221;default&#8221; global_colors_info=&#8221;{}&#8221;][et_pb_blurb url_new_window=&#8221;on&#8221; image=&#8221;https:\/\/smgteknik.com\/wp-content\/uploads\/2021\/02\/SEDES-brosur-SEDES-brochure.jpg&#8221; alt=&#8221;SEDES-bro\u015f\u00fcr-SEDES-brochure&#8221; _builder_version=&#8221;4.16&#8243; header_line_height=&#8221;1.2em&#8221; text_orientation=&#8221;center&#8221; module_alignment=&#8221;center&#8221; custom_margin=&#8221;0px|0px|0px|0px|false|false&#8221; custom_padding=&#8221;0px|0px|0px|0px|false|false&#8221; animation_style=&#8221;zoom&#8221; link_option_url=&#8221;https:\/\/smgteknik.com\/wp-content\/uploads\/2022\/03\/Sedes-brosur-Sedes-Brochure.pdf&#8221; link_option_url_new_window=&#8221;on&#8221; border_width_all_image=&#8221;2px&#8221; border_color_all_image=&#8221;#000000&#8243; box_shadow_style_image=&#8221;preset4&#8243; box_shadow_spread_image=&#8221;-3px&#8221; global_colors_info=&#8221;{}&#8221;]<\/p>\n<p><span style=\"color: #000080;\">SEDES Std. Product Catalog<\/span><\/p>\n<p>[\/et_pb_blurb][\/et_pb_column][et_pb_column type=&#8221;1_6&#8243; _builder_version=&#8221;4.16&#8243; _module_preset=&#8221;default&#8221; global_colors_info=&#8221;{}&#8221;][et_pb_blurb url_new_window=&#8221;on&#8221; image=&#8221;https:\/\/smgteknik.com\/wp-content\/uploads\/2021\/02\/Kendinden-reguleli-PTC-rezistans-Self-regulating-PTC-cartridge.jpg&#8221; alt=&#8221;Sedes Kendinden-reg\u00fcleli-PTC- fi\u015fek rezistans-Sedes Self-regulating-PTC-cartridge heater&#8221; _builder_version=&#8221;4.16&#8243; header_line_height=&#8221;1.2em&#8221; text_orientation=&#8221;center&#8221; module_alignment=&#8221;center&#8221; custom_margin=&#8221;0px|0px|0px|0px|false|false&#8221; custom_padding=&#8221;0px|0px|0px|0px|false|false&#8221; animation_style=&#8221;zoom&#8221; link_option_url=&#8221;https:\/\/smgteknik.com\/wp-content\/uploads\/2020\/05\/Kendinden-reg\u00fcleli-PTC-rezistans-Self-regulating-PTC-cartridge.pdf&#8221; link_option_url_new_window=&#8221;on&#8221; border_width_all_image=&#8221;2px&#8221; border_color_all_image=&#8221;#000000&#8243; box_shadow_style_image=&#8221;preset4&#8243; box_shadow_spread_image=&#8221;-3px&#8221; global_colors_info=&#8221;{}&#8221;]<\/p>\n<p><span>Sedes PTC-Buharla\u015ft\u0131rma Kab\u0131 Rezistans\u0131<\/span><\/p>\n<p>[\/et_pb_blurb][\/et_pb_column][et_pb_column type=&#8221;1_6&#8243; _builder_version=&#8221;4.16&#8243; _module_preset=&#8221;default&#8221; global_colors_info=&#8221;{}&#8221;][et_pb_blurb url_new_window=&#8221;on&#8221; image=&#8221;https:\/\/smgteknik.com\/wp-content\/uploads\/2021\/02\/Isitici-rezistans-guc-hesaplama-yontem-electric-heaters-power-calculation.jpg&#8221; alt=&#8221;Is\u0131t\u0131c\u0131-rezistans-g\u00fc\u00e7-hesaplama-y\u00f6ntem-electric-heaters-power-calculation&#8221; _builder_version=&#8221;4.16&#8243; header_line_height=&#8221;1.2em&#8221; text_orientation=&#8221;center&#8221; module_alignment=&#8221;center&#8221; custom_margin=&#8221;0px|0px|0px|0px|false|false&#8221; custom_padding=&#8221;0px|0px|0px|0px|false|false&#8221; animation_style=&#8221;zoom&#8221; link_option_url=&#8221;https:\/\/smgteknik.com\/wp-content\/uploads\/2020\/05\/Is\u0131t\u0131c\u0131-rezistans-g\u00fc\u00e7-hesaplama-y\u00f6ntem-electric-heaters-power-calculation.pdf&#8221; link_option_url_new_window=&#8221;on&#8221; border_width_all_image=&#8221;2px&#8221; border_color_all_image=&#8221;#000000&#8243; box_shadow_style_image=&#8221;preset4&#8243; box_shadow_spread_image=&#8221;-3px&#8221; global_colors_info=&#8221;{}&#8221;]<\/p>\n<p><span color=\"#000080\">Heating Elements Power Calculation Formulas<\/span><\/p>\n<p>[\/et_pb_blurb][\/et_pb_column][et_pb_column type=&#8221;1_6&#8243; _builder_version=&#8221;4.16&#8243; _module_preset=&#8221;default&#8221; global_colors_info=&#8221;{}&#8221;][\/et_pb_column][et_pb_column type=&#8221;1_6&#8243; _builder_version=&#8221;4.16&#8243; _module_preset=&#8221;default&#8221; global_colors_info=&#8221;{}&#8221;][\/et_pb_column][et_pb_column type=&#8221;1_6&#8243; _builder_version=&#8221;4.16&#8243; _module_preset=&#8221;default&#8221; global_colors_info=&#8221;{}&#8221;][\/et_pb_column][\/et_pb_row][\/et_pb_section]<\/p>","protected":false},"excerpt":{"rendered":"<p>PTC &#8211; Buharla\u015ft\u0131rma Kab\u0131 \u00a0 &nbsp; PTC &#8211; Evaporation Drip TrayPTC &#8211; Buharla\u015ft\u0131rma Kab\u0131A\u011f\u0131rl\u0131kl\u0131 olarak end\u00fcstriyel so\u011futucular, \u015fi\u015fe so\u011futucularda defrost esnas\u0131nda olu\u015fan suyun d\u0131\u015far\u0131ya at\u0131lamad\u0131\u011f\u0131 durumlarda, suyun bir kapta toplanmas\u0131 ve buharla\u015ft\u0131rma yolu ile bertaraf edilmesi gerekmektedir. Sistemde olu\u015fan bu suyu \u00fcr\u00fcn\u00fcn\u00fcze uygun olan \u00f6l\u00e7\u00fcdeki buharla\u015ft\u0131rma kab\u0131 se\u00e7eneklerimizden birini kullanarak toplayabilirsiniz.\u00a0 Aluminyum, paslanmaz ve ABS [&hellip;]<\/p>","protected":false},"author":1,"featured_media":0,"parent":0,"menu_order":0,"comment_status":"closed","ping_status":"closed","template":"","meta":{"_et_pb_use_builder":"on","_et_pb_old_content":"","_et_gb_content_width":"","footnotes":""},"class_list":["post-4584","page","type-page","status-publish","hentry"],"_links":{"self":[{"href":"https:\/\/smgteknik.com\/en\/wp-json\/wp\/v2\/pages\/4584","targetHints":{"allow":["GET"]}}],"collection":[{"href":"https:\/\/smgteknik.com\/en\/wp-json\/wp\/v2\/pages"}],"about":[{"href":"https:\/\/smgteknik.com\/en\/wp-json\/wp\/v2\/types\/page"}],"author":[{"embeddable":true,"href":"https:\/\/smgteknik.com\/en\/wp-json\/wp\/v2\/users\/1"}],"replies":[{"embeddable":true,"href":"https:\/\/smgteknik.com\/en\/wp-json\/wp\/v2\/comments?post=4584"}],"version-history":[{"count":14,"href":"https:\/\/smgteknik.com\/en\/wp-json\/wp\/v2\/pages\/4584\/revisions"}],"predecessor-version":[{"id":6129,"href":"https:\/\/smgteknik.com\/en\/wp-json\/wp\/v2\/pages\/4584\/revisions\/6129"}],"wp:attachment":[{"href":"https:\/\/smgteknik.com\/en\/wp-json\/wp\/v2\/media?parent=4584"}],"curies":[{"name":"wp","href":"https:\/\/api.w.org\/{rel}","templated":true}]}}